{"id":15,"date":"2022-11-28T12:58:13","date_gmt":"2022-11-28T12:58:13","guid":{"rendered":"https:\/\/abito.io\/?page_id=15"},"modified":"2023-04-25T13:55:04","modified_gmt":"2023-04-25T13:55:04","slug":"about","status":"publish","type":"page","link":"https:\/\/abito.io\/sk\/about\/","title":{"rendered":"O N\u00e1s"},"content":{"rendered":"<p>Spolo\u010dnos\u0165 Abito s.r.o. je inovat\u00edvna a dynamick\u00e1 spolo\u010dnos\u0165, ktor\u00e1 sa \u0161pecializuje na realiz\u00e1ciu developersk\u00fdch projektov, poskytovanie v\u00fdnimo\u010dn\u00fdch architektonick\u00fdch a stavebn\u00fdch slu\u017eieb a riadenie stavebn\u00fdch procesov. Spolo\u010dnos\u0165, ktor\u00fa v roku 2020 zalo\u017eili architekti Ofir Albag a Martin Huba s kumulovan\u00fdmi sk\u00fasenos\u0165ami v sektoroch nehnute\u013enost\u00ed v r\u00f4znych krajin\u00e1ch vr\u00e1tane Talianska, Izraela a Slovenska, je poh\u00e1\u0148an\u00e1 v\u00e1\u0161\u0148ou pre vytv\u00e1ranie kvalitn\u00fdch ob\u00fdvate\u013en\u00fdch priestorov a nad\u010dasov\u00fdch dizajnov pre v\u0161etk\u00fdch.<\/p>\n\n\n\n<p>V Abito sro je na\u0161\u00edm poslan\u00edm minimalizova\u0165 dopad na \u017eivotn\u00e9 prostredie a z\u00e1rove\u0148 maximalizova\u0165 efektivitu pr\u00e1ce sp\u00e1jan\u00edm \u0161pi\u010dkov\u00fdch technol\u00f3gi\u00ed s klasick\u00fdmi stavebn\u00fdmi procesmi. Spolupracujeme s t\u00edmom vysoko kvalifikovan\u00fdch odborn\u00edkov a spo\u013eahliv\u00fdch dod\u00e1vate\u013eov, aby sme zabezpe\u010dili, \u017ee ka\u017ed\u00fd projekt dod\u00e1me na\u010das as pridanou hodnotou pre na\u0161ich klientov.<\/p>\n\n\n\n<p>To, \u010do n\u00e1s odli\u0161uje, je na\u0161a schopnos\u0165 skombinova\u0165 modern\u00e9 technol\u00f3gie s tradi\u010dn\u00fdmi stavebn\u00fdmi procesmi a poskytn\u00fa\u0165 na\u0161im klientom v\u00fdnimo\u010dn\u00e9 v\u00fdsledky, ktor\u00e9 presahuj\u00fa ich o\u010dak\u00e1vania. Na\u0161e projekty s\u00fa navrhnut\u00e9 tak, aby ladili s okol\u00edm, vr\u00e1tane zelene, okolitej z\u00e1stavby, a \u010do je najd\u00f4le\u017eitej\u0161ie, zmysluplne prispeli do \u017eivota bud\u00facich majite\u013eov, komunity a okolia.<\/p>\n\n\n\n<p>V Abito sro ver\u00edme v d\u00f4kladn\u00fa anal\u00fdzu trhu a lokality, architektonick\u00fa \u0161t\u00fadiu a detailn\u00fd biznis pl\u00e1n. Investujeme konzervat\u00edvne a poskytujeme h\u013abkov\u00fa anal\u00fdzu, ktor\u00e1 presahuje \u0161tandardn\u00fa prax, \u010d\u00edm zabezpe\u010dujeme, \u017ee na\u0161im klientom prin\u00e1\u0161ame vynikaj\u00face v\u00fdsledky.<\/p>\n\n\n\n<p>Zaviazali sme sa poskytova\u0165 v\u00fdnimo\u010dn\u00e9 slu\u017eby z\u00e1kazn\u00edkom a zmysluplne prispieva\u0165 komunite. N\u00e1\u0161 z\u00e1v\u00e4zok ku kvalite z n\u00e1s rob\u00ed ide\u00e1lneho partnera pre ka\u017ed\u00e9ho, kto chce investova\u0165 do projektov udr\u017eate\u013en\u00e9ho a inovat\u00edvneho rozvoja na Slovensku. Vyberte si Abito s.r.o. pre v\u00fdnimo\u010dn\u00e9 v\u00fdsledky, ktor\u00e9 prekonaj\u00fa va\u0161e o\u010dak\u00e1vania.<\/p>","protected":false},"excerpt":{"rendered":"<p>Abito s.r.o. is an innovative and dynamic company that specializes in executing development projects, delivering exceptional architecture and construction services, and managing construction processes. Founded in 2020 by architects Ofir Albag and Martin Huba with cumulative experience in the real estate sectors in different countries, including Italy, Israel, and Slovakia, the company is driven by [&hellip;]<\/p>\n","protected":false},"author":1,"featured_media":0,"parent":0,"menu_order":0,"comment_status":"closed","ping_status":"closed","template":"","meta":{"footnotes":""},"class_list":["post-15","page","type-page","status-publish","hentry"],"_links":{"self":[{"href":"https:\/\/abito.io\/sk\/wp-json\/wp\/v2\/pages\/15","targetHints":{"allow":["GET"]}}],"collection":[{"href":"https:\/\/abito.io\/sk\/wp-json\/wp\/v2\/pages"}],"about":[{"href":"https:\/\/abito.io\/sk\/wp-json\/wp\/v2\/types\/page"}],"author":[{"embeddable":true,"href":"https:\/\/abito.io\/sk\/wp-json\/wp\/v2\/users\/1"}],"replies":[{"embeddable":true,"href":"https:\/\/abito.io\/sk\/wp-json\/wp\/v2\/comments?post=15"}],"version-history":[{"count":4,"href":"https:\/\/abito.io\/sk\/wp-json\/wp\/v2\/pages\/15\/revisions"}],"predecessor-version":[{"id":177,"href":"https:\/\/abito.io\/sk\/wp-json\/wp\/v2\/pages\/15\/revisions\/177"}],"wp:attachment":[{"href":"https:\/\/abito.io\/sk\/wp-json\/wp\/v2\/media?parent=15"}],"curies":[{"name":"wp","href":"https:\/\/api.w.org\/{rel}","templated":true}]}}