{"id":14,"date":"2022-11-28T12:58:13","date_gmt":"2022-11-28T12:58:13","guid":{"rendered":"https:\/\/abito.io\/?page_id=14"},"modified":"2025-10-20T09:09:47","modified_gmt":"2025-10-20T09:09:47","slug":"abito-home","status":"publish","type":"page","link":"https:\/\/abito.io\/sk\/","title":{"rendered":"Domov"},"content":{"rendered":"<h1 class=\"wp-block-heading alignwide has-text-align-center\" data-aos=\"fade-down\" data-aos-duration=\"1300\">Abito, tu b\u00fdvam.<\/h1>\n\n\n\n<div class=\"wp-block-group alignwide\"><div class=\"wp-block-group__inner-container is-layout-flow wp-block-group-is-layout-flow\">\n<h2 class=\"wp-block-heading alignwide has-text-align-center\" data-aos=\"fade-up\" data-aos-duration=\"900\">\u0160pecializujeme sa na architekt\u00faru a tvorbu v\u00fdnimo\u010dn\u00fdch prostred\u00ed.<\/h2>\n<\/div><\/div>\n\n\n\n<div class=\"wp-block-columns alignwide is-layout-flex wp-container-core-columns-is-layout-9d6595d7 wp-block-columns-is-layout-flex\">\n<div class=\"wp-block-column is-layout-flow wp-block-column-is-layout-flow\" data-aos=\"fade-up\" data-aos-duration=\"900\">\n<div class=\"wp-block-group\"><div class=\"wp-block-group__inner-container is-layout-flow wp-block-group-is-layout-flow\">\n<figure class=\"wp-block-image alignfull size-large\"><img loading=\"lazy\" decoding=\"async\" width=\"2560\" height=\"1919\" src=\"https:\/\/abito.io\/wp-content\/uploads\/2023\/04\/01-Abito-is-where-your-home-is-4d-edited-scaled.jpg\" alt=\"\" class=\"wp-image-290\" srcset=\"https:\/\/abito.io\/wp-content\/uploads\/2023\/04\/01-Abito-is-where-your-home-is-4d-edited-scaled.jpg 2560w, https:\/\/abito.io\/wp-content\/uploads\/2023\/04\/01-Abito-is-where-your-home-is-4d-edited-300x225.jpg 300w, https:\/\/abito.io\/wp-content\/uploads\/2023\/04\/01-Abito-is-where-your-home-is-4d-edited-1024x768.jpg 1024w, https:\/\/abito.io\/wp-content\/uploads\/2023\/04\/01-Abito-is-where-your-home-is-4d-edited-768x576.jpg 768w, https:\/\/abito.io\/wp-content\/uploads\/2023\/04\/01-Abito-is-where-your-home-is-4d-edited-1536x1151.jpg 1536w, https:\/\/abito.io\/wp-content\/uploads\/2023\/04\/01-Abito-is-where-your-home-is-4d-edited-2048x1535.jpg 2048w, https:\/\/abito.io\/wp-content\/uploads\/2023\/04\/01-Abito-is-where-your-home-is-4d-edited-16x12.jpg 16w, https:\/\/abito.io\/wp-content\/uploads\/2023\/04\/01-Abito-is-where-your-home-is-4d-edited-1200x900.jpg 1200w, https:\/\/abito.io\/wp-content\/uploads\/2023\/04\/01-Abito-is-where-your-home-is-4d-edited-1980x1484.jpg 1980w\" sizes=\"auto, (max-width: 2560px) 100vw, 2560px\" \/><\/figure>\n\n\n\n<h3 class=\"wp-block-heading\">Nov\u00e9 N\u00e1bre\u017eie <\/h3>\n\n\n\n<p>Partiz\u00e1nske, Slovensko (Realiz\u00e1cia ukon\u010den\u00e1 2022)<\/p>\n\n\n\n<div class=\"wp-block-button is-style-outline is-style-outline--1\"><a class=\"wp-block-button__link wp-element-button\" href=\"https:\/\/abito.io\/sk\/2022\/12\/05\/nove-nabrezie\/\">Viac detailov<\/a><\/div>\n<\/div><\/div>\n\n\n\n<div class=\"wp-block-group\" data-aos=\"fade-up\" data-aos-duration=\"900\"><div class=\"wp-block-group__inner-container is-layout-flow wp-block-group-is-layout-flow\"><\/div><\/div>\n<\/div>\n\n\n\n<div class=\"wp-block-column is-layout-flow wp-block-column-is-layout-flow\" data-aos=\"fade-up\" data-aos-duration=\"900\">\n<div class=\"wp-block-group\"><div class=\"wp-block-group__inner-container is-layout-flow wp-block-group-is-layout-flow\">\n<figure class=\"wp-block-image alignfull size-large\"><img loading=\"lazy\" decoding=\"async\" width=\"1024\" height=\"724\" src=\"http:\/\/abito.io\/wp-content\/uploads\/2022\/12\/Masarykova-51-00-1024x724.jpg\" alt=\"\" class=\"wp-image-366\" srcset=\"https:\/\/abito.io\/wp-content\/uploads\/2022\/12\/Masarykova-51-00-1024x724.jpg 1024w, https:\/\/abito.io\/wp-content\/uploads\/2022\/12\/Masarykova-51-00-300x212.jpg 300w, https:\/\/abito.io\/wp-content\/uploads\/2022\/12\/Masarykova-51-00-768x543.jpg 768w, https:\/\/abito.io\/wp-content\/uploads\/2022\/12\/Masarykova-51-00-1536x1086.jpg 1536w, https:\/\/abito.io\/wp-content\/uploads\/2022\/12\/Masarykova-51-00-18x12.jpg 18w, https:\/\/abito.io\/wp-content\/uploads\/2022\/12\/Masarykova-51-00-1200x849.jpg 1200w, https:\/\/abito.io\/wp-content\/uploads\/2022\/12\/Masarykova-51-00.jpg 1684w\" sizes=\"auto, (max-width: 1024px) 100vw, 1024px\" \/><\/figure>\n\n\n\n<h3 class=\"wp-block-heading\">Masarykova 51<\/h3>\n\n\n\n<p>Michalovce, Slovakia (Completed, 2025)<\/p>\n\n\n\n<div class=\"wp-block-button is-style-outline is-style-outline--2\"><a class=\"wp-block-button__link wp-element-button\" href=\"https:\/\/abito.io\/sk\/2022\/12\/05\/masarykova-51-michalovce\/\">Viac detailov<\/a><\/div>\n<\/div><\/div>\n<\/div>\n<\/div>\n\n\n\n<h2 class=\"wp-block-heading has-text-align-center\" data-aos=\"fade-up\" data-aos-delay=\"100\" data-aos-duration=\"1000\">Partneri<\/h2>\n\n\n\n<div class=\"wp-block-group alignwide is-content-justification-center is-nowrap is-layout-flex wp-container-core-group-is-layout-94bc23d7 wp-block-group-is-layout-flex\">\t\n\t\t<div data-aos-duration=\"900\" data-aos=\"fade-up\" id=\"gs_logo_area_1\" data-sort=\"name\" data-shortcode-id=\"1\" class=\"gs_logo_area gs_logo_area_1 slider1\" data-options='{\"logo_per_page\":\"6\"}' style=\"opacity: 0; visibility: hidden;\">\n\t\t\t<div class=\"gs_logo_area--inner\">\n\n\t\t\t\t<!-- Category Filters - New (Global) -->\n\t\t\t\t\t\n\t\t\t\t\n<div class=\"gs_logo_container gs_carousel_swiper gs_logo_fix_height_and_center\" data-carousel-config='{\"direction\":\"horizontal\",\"speed\":1200,\"isAutoplay\":true,\"autoplayDelay\":500,\"loop\":true,\"pauseOnHover\":true,\"ticker\":false,\"navs\":false,\"navs_pos\":\"bottom\",\"dots\":false,\"dynamic_dots\":true,\"slideSpace\":70,\"slidesPerGroup\":1,\"desktopLogos\":5,\"tabletLogos\":3,\"mobileLogos\":2,\"reverseDirection\":false}'>\n\n\t\n\t\t\n\t\t\t<div class=\"gs_logo_single--wrapper\">\n\t\t\t\t<div class=\"gs_logo_single\">\n\n\t\t\t\t\t<!-- Logo Img -->\n\t\t\t\t\t<a href=\"https:\/\/www.stolarstvo-sucansky.sk\/\" target=\"_blank\" rel=\"noopener\"><img loading=\"lazy\" decoding=\"async\" width=\"300\" height=\"29\" src=\"https:\/\/abito.io\/wp-content\/uploads\/2023\/04\/stolarstvo-sucansky-300x29.png\" class=\"tt-placement-top tt-bgcolor-one-%23ff5f6d tt-bgcolor-two-%23ffc371 tt-textcolor-%23fff gs-logo--img wp-post-image\" alt=\"\" title=\"stolarstvo-sucansky\" srcset=\"https:\/\/abito.io\/wp-content\/uploads\/2023\/04\/stolarstvo-sucansky-300x29.png 300w, https:\/\/abito.io\/wp-content\/uploads\/2023\/04\/stolarstvo-sucansky-18x2.png 18w, https:\/\/abito.io\/wp-content\/uploads\/2023\/04\/stolarstvo-sucansky.png 582w\" sizes=\"auto, (max-width: 300px) 100vw, 300px\" \/><\/a>\n\t\t\t\t\t<!-- Logo Title -->\n\t\t\t\t\t\t\t\t\t\t\n\t\t\t\t\t<!-- Logo Category -->\n\t\t\t\t\t\t\t\t\t\t\n\t\t\t\t<\/div>\n\t\t\t<\/div>\n\n\t\t\n\t\t\t<div class=\"gs_logo_single--wrapper\">\n\t\t\t\t<div class=\"gs_logo_single\">\n\n\t\t\t\t\t<!-- Logo Img -->\n\t\t\t\t\t<a href=\"https:\/\/smartlight.sk\/\" target=\"_blank\" rel=\"noopener\"><img loading=\"lazy\" decoding=\"async\" width=\"300\" height=\"158\" src=\"https:\/\/abito.io\/wp-content\/uploads\/2023\/04\/smartlight-300x158.jpg\" class=\"tt-placement-top tt-bgcolor-one-%23ff5f6d tt-bgcolor-two-%23ffc371 tt-textcolor-%23fff gs-logo--img wp-post-image\" alt=\"\" title=\"SmartLight\" srcset=\"https:\/\/abito.io\/wp-content\/uploads\/2023\/04\/smartlight-300x158.jpg 300w, https:\/\/abito.io\/wp-content\/uploads\/2023\/04\/smartlight-1024x538.jpg 1024w, https:\/\/abito.io\/wp-content\/uploads\/2023\/04\/smartlight-768x403.jpg 768w, https:\/\/abito.io\/wp-content\/uploads\/2023\/04\/smartlight-18x9.jpg 18w, https:\/\/abito.io\/wp-content\/uploads\/2023\/04\/smartlight.jpg 1200w\" sizes=\"auto, (max-width: 300px) 100vw, 300px\" \/><\/a>\n\t\t\t\t\t<!-- Logo Title -->\n\t\t\t\t\t\t\t\t\t\t\n\t\t\t\t\t<!-- Logo Category -->\n\t\t\t\t\t\t\t\t\t\t\n\t\t\t\t<\/div>\n\t\t\t<\/div>\n\n\t\t\n\t\t\t<div class=\"gs_logo_single--wrapper\">\n\t\t\t\t<div class=\"gs_logo_single\">\n\n\t\t\t\t\t<!-- Logo Img -->\n\t\t\t\t\t<a href=\"https:\/\/infrasunny.sk\/\" target=\"_blank\" rel=\"noopener\"><img loading=\"lazy\" decoding=\"async\" width=\"198\" height=\"70\" src=\"https:\/\/abito.io\/wp-content\/uploads\/2023\/04\/infrasunny.png\" class=\"tt-placement-top tt-bgcolor-one-%23ff5f6d tt-bgcolor-two-%23ffc371 tt-textcolor-%23fff gs-logo--img wp-post-image\" alt=\"\" title=\"InfraSunny\" srcset=\"https:\/\/abito.io\/wp-content\/uploads\/2023\/04\/infrasunny.png 198w, https:\/\/abito.io\/wp-content\/uploads\/2023\/04\/infrasunny-18x6.png 18w\" sizes=\"auto, (max-width: 198px) 100vw, 198px\" \/><\/a>\n\t\t\t\t\t<!-- Logo Title -->\n\t\t\t\t\t\t\t\t\t\t\n\t\t\t\t\t<!-- Logo Category -->\n\t\t\t\t\t\t\t\t\t\t\n\t\t\t\t<\/div>\n\t\t\t<\/div>\n\n\t\t\n\t\t\t<div class=\"gs_logo_single--wrapper\">\n\t\t\t\t<div class=\"gs_logo_single\">\n\n\t\t\t\t\t<!-- Logo Img -->\n\t\t\t\t\t<img loading=\"lazy\" decoding=\"async\" width=\"300\" height=\"100\" src=\"https:\/\/abito.io\/wp-content\/uploads\/2023\/04\/innogy2-1-300x100.jpg\" class=\"tt-placement-top tt-bgcolor-one-%23ff5f6d tt-bgcolor-two-%23ffc371 tt-textcolor-%23fff gs-logo--img wp-post-image\" alt=\"\" title=\"Innogy\" srcset=\"https:\/\/abito.io\/wp-content\/uploads\/2023\/04\/innogy2-1-300x100.jpg 300w, https:\/\/abito.io\/wp-content\/uploads\/2023\/04\/innogy2-1-768x256.jpg 768w, https:\/\/abito.io\/wp-content\/uploads\/2023\/04\/innogy2-1-18x6.jpg 18w, https:\/\/abito.io\/wp-content\/uploads\/2023\/04\/innogy2-1.jpg 820w\" sizes=\"auto, (max-width: 300px) 100vw, 300px\" \/>\n\t\t\t\t\t<!-- Logo Title -->\n\t\t\t\t\t\t\t\t\t\t\n\t\t\t\t\t<!-- Logo Category -->\n\t\t\t\t\t\t\t\t\t\t\n\t\t\t\t<\/div>\n\t\t\t<\/div>\n\n\t\t\n\t\t\t<div class=\"gs_logo_single--wrapper\">\n\t\t\t\t<div class=\"gs_logo_single\">\n\n\t\t\t\t\t<!-- Logo Img -->\n\t\t\t\t\t<a href=\"https:\/\/www.siko.sk\/\" target=\"_blank\" rel=\"noopener\"><img loading=\"lazy\" decoding=\"async\" width=\"300\" height=\"114\" src=\"https:\/\/abito.io\/wp-content\/uploads\/2023\/04\/siko2-300x114.png\" class=\"tt-placement-top tt-bgcolor-one-%23ff5f6d tt-bgcolor-two-%23ffc371 tt-textcolor-%23fff gs-logo--img wp-post-image\" alt=\"\" title=\"Siko\" srcset=\"https:\/\/abito.io\/wp-content\/uploads\/2023\/04\/siko2-300x114.png 300w, https:\/\/abito.io\/wp-content\/uploads\/2023\/04\/siko2-18x7.png 18w, https:\/\/abito.io\/wp-content\/uploads\/2023\/04\/siko2.png 460w\" sizes=\"auto, (max-width: 300px) 100vw, 300px\" \/><\/a>\n\t\t\t\t\t<!-- Logo Title -->\n\t\t\t\t\t\t\t\t\t\t\n\t\t\t\t\t<!-- Logo Category -->\n\t\t\t\t\t\t\t\t\t\t\n\t\t\t\t<\/div>\n\t\t\t<\/div>\n\n\t\t\n\t\t\t<div class=\"gs_logo_single--wrapper\">\n\t\t\t\t<div class=\"gs_logo_single\">\n\n\t\t\t\t\t<!-- Logo Img -->\n\t\t\t\t\t<a href=\"https:\/\/www.adlo.sk\/\" target=\"_blank\" rel=\"noopener\"><img loading=\"lazy\" decoding=\"async\" width=\"300\" height=\"149\" src=\"https:\/\/abito.io\/wp-content\/uploads\/2023\/04\/adlo2-300x149.png\" class=\"tt-placement-top tt-bgcolor-one-%23ff5f6d tt-bgcolor-two-%23ffc371 tt-textcolor-%23fff gs-logo--img wp-post-image\" alt=\"\" title=\"Adlo\" srcset=\"https:\/\/abito.io\/wp-content\/uploads\/2023\/04\/adlo2-300x149.png 300w, https:\/\/abito.io\/wp-content\/uploads\/2023\/04\/adlo2-1024x509.png 1024w, https:\/\/abito.io\/wp-content\/uploads\/2023\/04\/adlo2-768x382.png 768w, https:\/\/abito.io\/wp-content\/uploads\/2023\/04\/adlo2-18x9.png 18w, https:\/\/abito.io\/wp-content\/uploads\/2023\/04\/adlo2-1200x597.png 1200w, https:\/\/abito.io\/wp-content\/uploads\/2023\/04\/adlo2.png 1313w\" sizes=\"auto, (max-width: 300px) 100vw, 300px\" \/><\/a>\n\t\t\t\t\t<!-- Logo Title -->\n\t\t\t\t\t\t\t\t\t\t\n\t\t\t\t\t<!-- Logo Category -->\n\t\t\t\t\t\t\t\t\t\t\n\t\t\t\t<\/div>\n\t\t\t<\/div>\n\n\t\t\n\t\t\t<div class=\"gs_logo_single--wrapper\">\n\t\t\t\t<div class=\"gs_logo_single\">\n\n\t\t\t\t\t<!-- Logo Img -->\n\t\t\t\t\t<a href=\"http:\/\/sibaz.sk\/\" target=\"_blank\" rel=\"noopener\"><img loading=\"lazy\" decoding=\"async\" width=\"300\" height=\"68\" src=\"https:\/\/abito.io\/wp-content\/uploads\/2023\/04\/sibaz2.png\" class=\"tt-placement-top tt-bgcolor-one-%23ff5f6d tt-bgcolor-two-%23ffc371 tt-textcolor-%23fff gs-logo--img wp-post-image\" alt=\"\" title=\"Sibaz\" srcset=\"https:\/\/abito.io\/wp-content\/uploads\/2023\/04\/sibaz2.png 300w, https:\/\/abito.io\/wp-content\/uploads\/2023\/04\/sibaz2-18x4.png 18w\" sizes=\"auto, (max-width: 300px) 100vw, 300px\" \/><\/a>\n\t\t\t\t\t<!-- Logo Title -->\n\t\t\t\t\t\t\t\t\t\t\n\t\t\t\t\t<!-- Logo Category -->\n\t\t\t\t\t\t\t\t\t\t\n\t\t\t\t<\/div>\n\t\t\t<\/div>\n\n\t\t\n\t\t\t<div class=\"gs_logo_single--wrapper\">\n\t\t\t\t<div class=\"gs_logo_single\">\n\n\t\t\t\t\t<!-- Logo Img -->\n\t\t\t\t\t<a href=\"http:\/\/albaghuba.com\/\" target=\"_blank\" rel=\"noopener\"><img loading=\"lazy\" decoding=\"async\" width=\"300\" height=\"233\" src=\"https:\/\/abito.io\/wp-content\/uploads\/2023\/04\/albaghuba_t-300x233.jpg\" class=\"tt-placement-top tt-bgcolor-one-%23ff5f6d tt-bgcolor-two-%23ffc371 tt-textcolor-%23fff gs-logo--img wp-post-image\" alt=\"\" title=\"albaghuba\" srcset=\"https:\/\/abito.io\/wp-content\/uploads\/2023\/04\/albaghuba_t-300x233.jpg 300w, https:\/\/abito.io\/wp-content\/uploads\/2023\/04\/albaghuba_t-15x12.jpg 15w, https:\/\/abito.io\/wp-content\/uploads\/2023\/04\/albaghuba_t.jpg 500w\" sizes=\"auto, (max-width: 300px) 100vw, 300px\" \/><\/a>\n\t\t\t\t\t<!-- Logo Title -->\n\t\t\t\t\t\t\t\t\t\t\n\t\t\t\t\t<!-- Logo Category -->\n\t\t\t\t\t\t\t\t\t\t\n\t\t\t\t<\/div>\n\t\t\t<\/div>\n\n\t\t\t\t\n\t\n<\/div>\n\t\t\t\t<!-- Pagination -->\n\t\t\t\t\n\t\t\t<\/div>\n\t\t<\/div>\n\t\n\t\t<style>#gs_logo_area_1:not(.verticaltickerdown):not(.verticalticker) .gs_logo_container{margin-left:-35px}#gs_logo_area_1:not(.verticaltickerdown):not(.verticalticker) .gs_logo_container{margin-right:-35px}#gs_logo_area_1:not(.verticaltickerdown):not(.verticalticker) .gs_logo_single--wrapper{padding:35px}#gs_logo_area_1 ul.gs-logo-filter-cats{text-align:center!important}#gs_logo_area_1 .gs_logo_single--wrapper{width:20%}@media (max-width:1023px){#gs_logo_area_1 .gs_logo_single--wrapper{width:33.333333333333%}}@media (max-width:767px){#gs_logo_area_1 .gs_logo_single--wrapper{width:50%}}<\/style><\/div>\n\n\n\n<figure class=\"wp-block-image alignfull size-large\"><img loading=\"lazy\" decoding=\"async\" width=\"1920\" height=\"1080\" src=\"https:\/\/abito.io\/wp-content\/uploads\/2023\/04\/Final-13-edited.png\" alt=\"\" class=\"wp-image-165\" srcset=\"https:\/\/abito.io\/wp-content\/uploads\/2023\/04\/Final-13-edited.png 1920w, https:\/\/abito.io\/wp-content\/uploads\/2023\/04\/Final-13-edited-300x169.png 300w, https:\/\/abito.io\/wp-content\/uploads\/2023\/04\/Final-13-edited-1024x576.png 1024w, https:\/\/abito.io\/wp-content\/uploads\/2023\/04\/Final-13-edited-768x432.png 768w, https:\/\/abito.io\/wp-content\/uploads\/2023\/04\/Final-13-edited-1536x864.png 1536w, https:\/\/abito.io\/wp-content\/uploads\/2023\/04\/Final-13-edited-18x10.png 18w, https:\/\/abito.io\/wp-content\/uploads\/2023\/04\/Final-13-edited-1200x675.png 1200w\" sizes=\"auto, (max-width: 1920px) 100vw, 1920px\" \/><\/figure>\n\n\n\n<div class=\"wp-block-group alignwide\"><div class=\"wp-block-group__inner-container is-layout-flow wp-block-group-is-layout-flow\">\n<h2 class=\"wp-block-heading has-text-align-center has-accent-color has-text-color\" data-aos=\"fade-right\" data-aos-duration=\"900\">M\u00f4\u017eete si postavi\u0165 \u010fal\u0161\u00ed dom, alebo si m\u00f4\u017eete vytvori\u0165 domov.<\/h2>\n\n\n\n<p class=\"has-drop-cap\">Dom je jednoducho kon\u0161trukcia z dreva a kame\u0148a, teh\u00e1l a malty. Ale domov je to\u013eko viac. Domov je miesto, kde sa vytv\u00e1raj\u00fa spomienky, kde l\u00e1ska a smiech nap\u013a\u0148aj\u00fa vzduch a kde sa c\u00edtite bezpe\u010dne a milovan\u00ed.<\/p>\n\n\n\n<p>Stava\u0165 dom je \u00faspech, ale stava\u0165 domov je umenie. Vy\u017eaduje si trpezlivos\u0165, oddanos\u0165 a ochotu investova\u0165 svoje srdce a du\u0161u do procesu. Ide o vytv\u00e1ranie priestoru, ktor\u00fd odr\u00e1\u017ea va\u0161e hodnoty, osobnos\u0165 a sny.<\/p>\n\n\n\n<p>Preto sa rozhodnime stava\u0165 domovy, nie iba domy. Zamerajme sa nielen na fyzick\u00fa kon\u0161trukciu, ale aj na nehmotn\u00e9 aspekty, ktor\u00e9 robia z domu domov. Dajme prednos\u0165 budovaniu vz\u0165ahov, tvorbe trad\u00edci\u00ed a podpore tvorby pocitu komunity.<\/p>\n\n\n\n<p>V svete, kde sa kladie tak ve\u013ek\u00fd d\u00f4raz na materi\u00e1lne majetky, nezab\u00fadajme, \u017ee dom nie je iba vec, ktor\u00fa vlastn\u00edme, ale miesto, kam patr\u00edme. Investujme do svojich domov a do \u013eud\u00ed, s ktor\u00fdmi ich zdie\u013eame, a tak vytvorme \u017eivot pln\u00fd v\u00fdznamu a \u00fa\u010delu.<\/p>\n\n\n\n<p>Tak\u017ee, \u010do by ste radi postavili?<\/p>\n\n\n\n<p><\/p>\n<\/div><\/div>\n\n\n\n<div class=\"wp-block-group alignwide has-background\" style=\"background-color:#ffffff\" data-aos=\"zoom-in\" data-aos-duration=\"900\"><div class=\"wp-block-group__inner-container is-layout-flow wp-block-group-is-layout-flow\">\n<div class=\"wp-block-group\"><div class=\"wp-block-group__inner-container is-layout-flow wp-block-group-is-layout-flow\">\n<h2 class=\"wp-block-heading has-text-align-center\">Povedzte n\u00e1m o svojom projekte.<\/h2>\n\n\n\n<p class=\"has-text-align-center\">Radi po\u010d\u00favame nov\u00fdch klientov. Po\u010fme sa spolu porozpr\u00e1va\u0165 o va\u0161ej v\u00edzii a o tom, ako ju m\u00f4\u017eeme uskuto\u010dni\u0165.<\/p>\n\n\n\n<div class=\"wp-block-button aligncenter\"><a class=\"wp-block-button__link wp-element-button\" href=\"https:\/\/abito.io\/sk\/contact\/\">kontaktuj n\u00e1s<\/a><\/div>\n<\/div><\/div>\n<\/div><\/div>","protected":false},"excerpt":{"rendered":"<p>Abito is where I live. We specialize in the architecture and development of remarkable habitats. Nov\u00e9 N\u00e1bre\u017eie Partiz\u00e1nske, Slovakia (Completed 2022) Masarykova 51 Michalovce, Slovakia (Completed, 2025) Our Partners You can build another house, or you can build a home. A house is simply a structure of wood and stone, brick and mortar. But a [&hellip;]<\/p>\n","protected":false},"author":1,"featured_media":0,"parent":0,"menu_order":0,"comment_status":"closed","ping_status":"closed","template":"","meta":{"footnotes":""},"class_list":["post-14","page","type-page","status-publish","hentry"],"_links":{"self":[{"href":"https:\/\/abito.io\/sk\/wp-json\/wp\/v2\/pages\/14","targetHints":{"allow":["GET"]}}],"collection":[{"href":"https:\/\/abito.io\/sk\/wp-json\/wp\/v2\/pages"}],"about":[{"href":"https:\/\/abito.io\/sk\/wp-json\/wp\/v2\/types\/page"}],"author":[{"embeddable":true,"href":"https:\/\/abito.io\/sk\/wp-json\/wp\/v2\/users\/1"}],"replies":[{"embeddable":true,"href":"https:\/\/abito.io\/sk\/wp-json\/wp\/v2\/comments?post=14"}],"version-history":[{"count":64,"href":"https:\/\/abito.io\/sk\/wp-json\/wp\/v2\/pages\/14\/revisions"}],"predecessor-version":[{"id":373,"href":"https:\/\/abito.io\/sk\/wp-json\/wp\/v2\/pages\/14\/revisions\/373"}],"wp:attachment":[{"href":"https:\/\/abito.io\/sk\/wp-json\/wp\/v2\/media?parent=14"}],"curies":[{"name":"wp","href":"https:\/\/api.w.org\/{rel}","templated":true}]}}